{"id":86,"date":"2018-04-19T12:11:08","date_gmt":"2018-04-19T12:11:08","guid":{"rendered":"http:\/\/metodos.fam.cie.uva.es\/paginagir\/?page_id=86"},"modified":"2018-04-19T12:11:09","modified_gmt":"2018-04-19T12:11:09","slug":"proyectos-de-investigacion","status":"publish","type":"page","link":"http:\/\/metodos.fam.cie.uva.es\/gir\/index.php\/proyectos-de-investigacion\/","title":{"rendered":"PROYECTOS DE INVESTIGACI\u00d3N"},"content":{"rendered":"<div id=\"pl-86\"  class=\"panel-layout\" ><div id=\"pg-86-0\"  class=\"panel-grid panel-no-style\" ><div id=\"pgc-86-0-0\"  class=\"panel-grid-cell\" ><div id=\"panel-86-0-0-0\" class=\"so-panel widget widget_sow-editor panel-first-child panel-last-child\" data-index=\"0\" ><div\n\t\t\t\n\t\t\tclass=\"so-widget-sow-editor so-widget-sow-editor-base\"\n\t\t\t\n\t\t>\n<div class=\"siteorigin-widget-tinymce textwidget\">\n\t<h3 class=\"sectionHead\">Algunos proyectos de investigaci\u00f3n financiados con cargo a convocatorias p\u00fablicas en concurrencia competitiva<\/h3>\n\n<table id=\"tablepress-3\" class=\"tablepress tablepress-id-3\">\n<thead>\n<tr class=\"row-1 odd\">\n\t<th class=\"column-1\"><h4>Simulaci\u00f3n de nuevos materiales de inter\u00e9s tecnol\u00f3gico<\/h4><\/th><th class=\"column-2\"><h4>Junta de Castilla y Le\u00f3n<\/h4><\/th><th class=\"column-3\"><h4>1996 - 1999<\/h4><\/th>\n<\/tr>\n<\/thead>\n<tbody class=\"row-hover\">\n<tr class=\"row-2 even\">\n\t<td class=\"column-1\"><h4>Magnetic, optical and magneto-optical properties of thin films and alloys<\/h4><\/td><td class=\"column-2\"><h4>NATO<\/h4><\/td><td class=\"column-3\"><h4>1997 - 1999<\/h4><\/td>\n<\/tr>\n<tr class=\"row-3 odd\">\n\t<td class=\"column-1\"><h4>Estudio te\u00f3rico de nanoestructuras y agregados at\u00f3micos<\/h4><\/td><td class=\"column-2\"><h4>DGYCIT<\/h4><\/td><td class=\"column-3\"><h4>1996 - 1999<\/h4><\/td>\n<\/tr>\n<tr class=\"row-4 even\">\n\t<td class=\"column-1\"><h4>Nuevos m\u00e9todos de calculo ab-initio para el estudio de las propiedades f\u00edsicas de sistemas de gran tama\u00f1o<\/h4><\/td><td class=\"column-2\"><h4>DGYCIT<\/h4><\/td><td class=\"column-3\"><h4>1996 - 1999<\/h4><\/td>\n<\/tr>\n<tr class=\"row-5 odd\">\n\t<td class=\"column-1\"><h4>Propiedades magn\u00e9ticas de nanoestructuras met\u00e1licas en superficies met\u00e1licas imperfectas<\/h4><\/td><td class=\"column-2\"><h4>Acciones Integradas Hispano-Alemanas<\/h4><\/td><td class=\"column-3\"><h4>1996 - 1999<\/h4><\/td>\n<\/tr>\n<tr class=\"row-6 even\">\n\t<td class=\"column-1\"><h4>Estudio de nuevos materiales para aplicaciones en nanotecnologia<\/h4><\/td><td class=\"column-2\"><h4>Junta de Castilla y Le\u00f3n<\/h4><\/td><td class=\"column-3\"><h4>1999 - 2001<\/h4><\/td>\n<\/tr>\n<tr class=\"row-7 odd\">\n\t<td class=\"column-1\"><h4>Propiedades electr\u00f3nicas, estructurales y t\u00e9rmicas, de metales y \u00f3xidos met\u00e1licos de dimensiones nanometricas: Estudio y simulaci\u00f3n te\u00f3rica de primeros principios<\/h4><\/td><td class=\"column-2\"><h4>Junta de Castilla y Le\u00f3n<\/h4><\/td><td class=\"column-3\"><h4>2003 - 2004<\/h4><\/td>\n<\/tr>\n<tr class=\"row-8 even\">\n\t<td class=\"column-1\"><h4>Estudio de las propiedades electr\u00f3nicas, estructurales y din\u00e1micas de aleaciones met\u00e1licas y nuevos materiales Magn\u00e9ticos<\/h4><\/td><td class=\"column-2\"><h4>Junta de Castilla y Le\u00f3n<\/h4><\/td><td class=\"column-3\"><h4>2002 - 2004<\/h4><\/td>\n<\/tr>\n<tr class=\"row-9 odd\">\n\t<td class=\"column-1\"><h4>Estudio te\u00f3rico de propiedades electr\u00f3nicas, estructurales y din\u00e1micas de materiales nanofisicos y aleaciones<\/h4><\/td><td class=\"column-2\"><h4>DGICYT<\/h4><\/td><td class=\"column-3\"><h4>2000 - 2002<\/h4><\/td>\n<\/tr>\n<tr class=\"row-10 even\">\n\t<td class=\"column-1\"><h4>Modelizaci\u00f3n electr\u00f3nico-molecular de nanoestructuras y compuestos met\u00e1licos<\/h4><\/td><td class=\"column-2\"><h4>DGICYT<\/h4><\/td><td class=\"column-3\"><h4>2003 - 2005<\/h4><\/td>\n<\/tr>\n<tr class=\"row-11 odd\">\n\t<td class=\"column-1\"><h4>Hierarchy of scales in magnetic nanostructures<\/h4><\/td><td class=\"column-2\"><h4>Comunidad Europea INTAS<\/h4><\/td><td class=\"column-3\"><h4>2004 - 2006<\/h4><\/td>\n<\/tr>\n<tr class=\"row-12 even\">\n\t<td class=\"column-1\"><h4>Electronic and structural properties of low-dimensional Systems related to technology<\/h4><\/td><td class=\"column-2\"><h4>NATO Collaborative Link.Grant<\/h4><\/td><td class=\"column-3\"><h4>2003 - 2004<\/h4><\/td>\n<\/tr>\n<tr class=\"row-13 odd\">\n\t<td class=\"column-1\"><h4>Estudio te\u00f3rico de propiedades estructurales, electr\u00f3nicas y t\u00e9rmicas de sistemas nanodimensionales de inter\u00e9s tecnol\u00f3gico<\/h4><\/td><td class=\"column-2\"><h4>Ministerio de Educaci\u00f3n y Ciencia<\/h4><\/td><td class=\"column-3\"><h4>2006 - 2008<\/h4><\/td>\n<\/tr>\n<tr class=\"row-14 even\">\n\t<td class=\"column-1\"><h4>Propiedades estructurales, electr\u00f3nicas y t\u00e9rmicas de nanosistemas de inter\u00e9s tecnol\u00f3gico en espintr\u00f3nica, reactividad de superficies y nuevas aleaciones liquidas<\/h4><\/td><td class=\"column-2\"><h4>Junta de Castilla y Le\u00f3n<\/h4><\/td><td class=\"column-3\"><h4>2006 - 2008<\/h4><\/td>\n<\/tr>\n<tr class=\"row-15 odd\">\n\t<td class=\"column-1\"><h4>Propiedades electr\u00f3nicas y morfol\u00f3gicas en materiales nanoestructurados de inter\u00e9s en espintr\u00f3nica, cat\u00e1lisis y nuevas aleaciones<\/h4><\/td><td class=\"column-2\"><h4>Junta de Castilla y Le\u00f3n<\/h4><\/td><td class=\"column-3\"><h4>2009 - 2011<\/h4><\/td>\n<\/tr>\n<tr class=\"row-16 even\">\n\t<td class=\"column-1\"><h4>Propiedades electr\u00f3nicas y morfol\u00f3gicas en materiales nanoestructurados de inter\u00e9s en espintr\u00f3nica, cat\u00e1lisis y nuevas aleaciones<\/h4><\/td><td class=\"column-2\"><h4>Ministerio de Ciencia y Tecnologia<\/h4><\/td><td class=\"column-3\"><h4>2009 - 2011<\/h4><\/td>\n<\/tr>\n<tr class=\"row-17 odd\">\n\t<td class=\"column-1\"><h4>Estructura, din\u00e1mica y propiedades electr\u00f3nicas de nanoagregados at\u00f3micos, nanoaleaciones, interfases y l\u00edquidos met\u00e1licos de inter\u00e9s tecnol\u00f3gico en espintr\u00f3nica, cat\u00e1lisis y reactores nucleares<\/h4><\/td><td class=\"column-2\"><h4>Junta de Castilla y Le\u00f3n<\/h4><\/td><td class=\"column-3\"><h4>2011 - 2013<\/h4><\/td>\n<\/tr>\n<tr class=\"row-18 even\">\n\t<td class=\"column-1\"><h4>Propiedades estructurales, electr\u00f3nicas y de respuesta de agregados at\u00f3micos, sistemas de baja dimensionalidad y l\u00edquidos met\u00e1licos de inter\u00e9s en Nanotecnologia<\/h4><\/td><td class=\"column-2\"><h4>Ministerio de Ciencia e Innovaci\u00f3n<\/h4><\/td><td class=\"column-3\"><h4>2012 - 2014<\/h4><\/td>\n<\/tr>\n<tr class=\"row-19 odd\">\n\t<td class=\"column-1\"><h4>Simulaci\u00f3n computacional de propiedades y procesos f\u00edsico-qu\u00edmicos en materiales, con inter\u00e9s en nanotecnolog\u00eda, cat\u00e1lisis, corrosi\u00f3n, espintr\u00f3nica, biomedicina y energ\u00eda<\/h4><br \/>\n<\/td><td class=\"column-2\"><h4>Ministerio de Econom\u00eda y Competitividad<\/h4><\/td><td class=\"column-3\"><h4>2015 - 2018<\/h4><\/td>\n<\/tr>\n<tr class=\"row-20 even\">\n\t<td class=\"column-1\"><h4>Simulaci\u00f3n computacional de propiedades estructurales, din\u00e1micas, magn\u00e9ticas y reactivas en materiales con inter\u00e9s en nanotecnolog\u00eda, corrosi\u00f3n, energ\u00eda y geof\u00edsica<\/h4><\/td><td class=\"column-2\"><h4>Junta de Castilla y Le\u00f3n<\/h4><\/td><td class=\"column-3\"><h4>2018 - 2020<\/h4><\/td>\n<\/tr>\n<tr class=\"row-21 odd\">\n\t<td class=\"column-1\"><h4>Estudio de primeros principios de las propiedades estructurales y electr\u00f3nicas de nanomateriales y su reactividad en el contexto de varias \u00e1reas tecnol\u00f3gicas<br \/>\n<\/h4><\/td><td class=\"column-2\"><h4>Ministerio de Ciencia, Innovacion y Universidades<\/h4><\/td><td class=\"column-3\"><h4>2019 - 2022<\/h4><\/td>\n<\/tr>\n<tr class=\"row-22 even\">\n\t<td class=\"column-1\"><h4>Development of a Neural Network Potential to reproduce the potential energy landscape of gold Au<sub>N<\/sub> (N=10-70) anion nanoclusters<\/h4><\/td><td class=\"column-2\"><h4>Barcelona Supercomputing Center<\/h4><\/td><td class=\"column-3\"><h4>Julio - Octubre 2020<\/h4><\/td>\n<\/tr>\n<tr class=\"row-23 odd\">\n\t<td class=\"column-1\"><h4>Development of a Neural Network Potential to reproduce the potential energy landscape of gold Au<sub>N<\/sub> (N=10-120) anionic, cationic and neutral nanoclusters<\/h4><\/td><td class=\"column-2\"><h4>Barcelona Supercomputing Center<\/h4><\/td><td class=\"column-3\"><h4>Noviembre 2020 - Febrero 2021<\/h4><\/td>\n<\/tr>\n<\/tbody>\n<\/table>\n\n<\/div>\n<\/div><\/div><\/div><\/div><\/div>","protected":false},"excerpt":{"rendered":"<p>Algunos proyectos de investigaci\u00f3n financiados con cargo a convocatorias p\u00fablicas en concurrencia competitiva<\/p>\n","protected":false},"author":1,"featured_media":0,"parent":0,"menu_order":0,"comment_status":"closed","ping_status":"closed","template":"template-full-width.php","meta":[],"_links":{"self":[{"href":"http:\/\/metodos.fam.cie.uva.es\/gir\/index.php\/wp-json\/wp\/v2\/pages\/86"}],"collection":[{"href":"http:\/\/metodos.fam.cie.uva.es\/gir\/index.php\/wp-json\/wp\/v2\/pages"}],"about":[{"href":"http:\/\/metodos.fam.cie.uva.es\/gir\/index.php\/wp-json\/wp\/v2\/types\/page"}],"author":[{"embeddable":true,"href":"http:\/\/metodos.fam.cie.uva.es\/gir\/index.php\/wp-json\/wp\/v2\/users\/1"}],"replies":[{"embeddable":true,"href":"http:\/\/metodos.fam.cie.uva.es\/gir\/index.php\/wp-json\/wp\/v2\/comments?post=86"}],"version-history":[{"count":2,"href":"http:\/\/metodos.fam.cie.uva.es\/gir\/index.php\/wp-json\/wp\/v2\/pages\/86\/revisions"}],"predecessor-version":[{"id":88,"href":"http:\/\/metodos.fam.cie.uva.es\/gir\/index.php\/wp-json\/wp\/v2\/pages\/86\/revisions\/88"}],"wp:attachment":[{"href":"http:\/\/metodos.fam.cie.uva.es\/gir\/index.php\/wp-json\/wp\/v2\/media?parent=86"}],"curies":[{"name":"wp","href":"https:\/\/api.w.org\/{rel}","templated":true}]}}