{"id":59,"date":"2018-04-19T09:53:20","date_gmt":"2018-04-19T09:53:20","guid":{"rendered":"http:\/\/metodos.fam.cie.uva.es\/paginagir\/?page_id=59"},"modified":"2018-04-19T10:25:38","modified_gmt":"2018-04-19T10:25:38","slug":"miembros-del-grupo-de-investigacion","status":"publish","type":"page","link":"http:\/\/metodos.fam.cie.uva.es\/gir\/index.php\/miembros-del-grupo-de-investigacion\/","title":{"rendered":"MIEMBROS DEL GRUPO DE INVESTIGACI\u00d3N"},"content":{"rendered":"<div id=\"pl-59\"  class=\"panel-layout\" ><div id=\"pg-59-0\"  class=\"panel-grid panel-no-style\" ><div id=\"pgc-59-0-0\"  class=\"panel-grid-cell\" ><div id=\"panel-59-0-0-0\" class=\"so-panel widget widget_sow-editor panel-first-child panel-last-child\" data-index=\"0\" ><div\n\t\t\t\n\t\t\tclass=\"so-widget-sow-editor so-widget-sow-editor-base\"\n\t\t\t\n\t\t>\n<div class=\"siteorigin-widget-tinymce textwidget\">\n\t<h1 style=\"text-align: center;\">MIEMBROS ORDINARIOS<\/h1>\n\n<table id=\"tablepress-1\" class=\"tablepress tablepress-id-1\">\n<thead>\n<tr class=\"row-1 odd\">\n\t<th class=\"column-1\">Apellidos y Nombre<\/th><th class=\"column-2\">Email<\/th>\n<\/tr>\n<\/thead>\n<tbody class=\"row-hover\">\n<tr class=\"row-2 even\">\n\t<td class=\"column-1\">Aguado Rodr\u00edguez, Andr\u00e9s (Coordinador) <a href=\"https:\/\/orcid.org\/0000-0001-9125-9808\" target=\"_blank\" rel=\"noopener\"> <img alt=\"ORCID logo\" src=\"https:\/\/info.orcid.org\/wp-content\/uploads\/2019\/11\/orcid_16x16.png\" width=\"16\" height=\"16\" \/><\/a><\/td><td class=\"column-2\"><a href=\"mailto:aguado@metodos.fam.cie.uva.es\">aguado@metodos.fam.cie.uva.es<\/a><\/td>\n<\/tr>\n<tr class=\"row-3 odd\">\n\t<td class=\"column-1\">Balb\u00e1s Ruegas, Carlos <a href=\"https:\/\/orcid.org\/0000-0001-8756-0489\" target=\"_blank\" rel=\"noopener\"> <img alt=\"ORCID logo\" src=\"https:\/\/info.orcid.org\/wp-content\/uploads\/2019\/11\/orcid_16x16.png\" width=\"16\" height=\"16\" \/><\/a><\/td><td class=\"column-2\"><a href=\"mailto:balbas@fta.uva.es\">balbas@fta.uva.es<\/a><\/td>\n<\/tr>\n<tr class=\"row-4 even\">\n\t<td class=\"column-1\">Cabria Alvaro, Iv\u00e1n <a href=\"https:\/\/orcid.org\/0000-0003-2460-7643\" target=\"_blank\" rel=\"noopener\"> <img alt=\"ORCID logo\" src=\"https:\/\/info.orcid.org\/wp-content\/uploads\/2019\/11\/orcid_16x16.png\" width=\"16\" height=\"16\" \/><\/a><\/td><td class=\"column-2\"><a href=\"mailto:cabria@fta.uva.es\">cabria@fta.uva.es<\/a><\/td>\n<\/tr>\n<tr class=\"row-5 odd\">\n\t<td class=\"column-1\">Gonz\u00e1lez Fern\u00e1ndez, David <a href=\"https:\/\/orcid.org\/0000-0003-1116-3473\" target=\"_blank\" rel=\"noopener\"> <img alt=\"ORCID logo\" src=\"https:\/\/info.orcid.org\/wp-content\/uploads\/2019\/11\/orcid_16x16.png\" width=\"16\" height=\"16\" \/><\/a><\/td><td class=\"column-2\"><a href=\"mailto:david@metodos.fam.cie.uva.es\">david@metodos.fam.cie.uva.es<\/a><\/td>\n<\/tr>\n<tr class=\"row-6 even\">\n\t<td class=\"column-1\">Gonz\u00e1lez Tesedo, Luis Enrique <a href=\"https:\/\/orcid.org\/0000-0001-6264-8329\" target=\"_blank\" rel=\"noopener\"> <img alt=\"ORCID logo\" src=\"https:\/\/info.orcid.org\/wp-content\/uploads\/2019\/11\/orcid_16x16.png\" width=\"16\" height=\"16\" \/><\/a><\/td><td class=\"column-2\"><a href=\"mailto:luisen@metodos.fam.cie.uva.es\">luisen@metodos.fam.cie.uva.es<\/a><\/td>\n<\/tr>\n<tr class=\"row-7 odd\">\n\t<td class=\"column-1\">L\u00f3pez Rodr\u00edguez, Jos\u00e9 Manuel <a href=\"https:\/\/orcid.org\/0000-0003-0995-0558\" target=\"_blank\" rel=\"noopener\"> <img alt=\"ORCID logo\" src=\"https:\/\/info.orcid.org\/wp-content\/uploads\/2019\/11\/orcid_16x16.png\" width=\"16\" height=\"16\" \/><\/a><\/td><td class=\"column-2\"><a href=\"mailto:jmlopez@fta.uva.es\">jmlopez@fta.uva.es<\/a><\/td>\n<\/tr>\n<tr class=\"row-8 even\">\n\t<td class=\"column-1\">Vega Hierro, Andr\u00e9s <a href=\"https:\/\/orcid.org\/0000-0002-8148-5702\" target=\"_blank\" rel=\"noopener\"> <img alt=\"ORCID logo\" src=\"https:\/\/info.orcid.org\/wp-content\/uploads\/2019\/11\/orcid_16x16.png\" width=\"16\" height=\"16\" \/><\/a><\/td><td class=\"column-2\"><a href=\"mailto:avega@fta.uva.es\">avega@fta.uva.es<\/a><\/td>\n<\/tr>\n<tr class=\"row-9 odd\">\n\t<td class=\"column-1\">Gonzalez del Rio, Beatriz <a href=\"https:\/\/orcid.org\/0000-0002-1641-8407\" target=\"_blank\" rel=\"noopener\"> <img alt=\"ORCID logo\" src=\"https:\/\/info.orcid.org\/wp-content\/uploads\/2019\/11\/orcid_16x16.png\" width=\"16\" height=\"16\" \/><\/a><\/td><td class=\"column-2\"><a href=\"mailto:beatriz.gonzalez.rio@uva.es\">beatriz.gonzalez.rio@uva.es<\/a><\/td>\n<\/tr>\n<tr class=\"row-10 even\">\n\t<td class=\"column-1\">Granja del Rio, Alejandra <a href=\"https:\/\/orcid.org\/0000-0003-4604-4132\" target=\"_blank\" rel=\"noopener\"> <img alt=\"ORCID logo\" src=\"https:\/\/info.orcid.org\/wp-content\/uploads\/2019\/11\/orcid_16x16.png\" width=\"16\" height=\"16\" \/><\/a><\/td><td class=\"column-2\"><a href=\"mailto:alejandra.granja@uva.es\">alejandra.granja@uva.es<\/a><\/td>\n<\/tr>\n<\/tbody>\n<\/table>\n<!-- #tablepress-1 from cache -->\n<p>&nbsp;<\/p>\n<hr \/>\n<p>&nbsp;<\/p>\n<h1><\/h1>\n<h1 style=\"text-align: center;\">MIEMBROS ASOCIADOS<\/h1>\n\n<table id=\"tablepress-2\" class=\"tablepress tablepress-id-2\">\n<thead>\n<tr class=\"row-1 odd\">\n\t<th class=\"column-1\">Apellidos y Nombre<\/th><th class=\"column-2\">Email<\/th>\n<\/tr>\n<\/thead>\n<tbody class=\"row-hover\">\n<tr class=\"row-2 even\">\n\t<td class=\"column-1\">Gallego del Hoyo, Luis Javier <a href=\"https:\/\/orcid.org\/0000-0002-3176-7015\" target=\"_blank\" rel=\"noopener\"> <img alt=\"ORCID logo\" src=\"https:\/\/info.orcid.org\/wp-content\/uploads\/2019\/11\/orcid_16x16.png\" width=\"16\" height=\"16\" \/><\/a><\/td><td class=\"column-2\"><a href=\"mailto:luisjavier.gallego@usc.es\">luisjavier.gallego@usc.es<\/a><\/td>\n<\/tr>\n<tr class=\"row-3 odd\">\n\t<td class=\"column-1\">Garcia Fuente, Amador <a href=\"https:\/\/orcid.org\/0000-0002-4570-8315\" target=\"_blank\" rel=\"noopener\"> <img alt=\"ORCID logo\" src=\"https:\/\/info.orcid.org\/wp-content\/uploads\/2019\/11\/orcid_16x16.png\" width=\"16\" height=\"16\" \/><\/a><\/td><td class=\"column-2\"><a href=\"mailto:agarciafuente@gmail.com\">agarciafuente@gmail.com<\/a><\/td>\n<\/tr>\n<tr class=\"row-4 even\">\n\t<td class=\"column-1\">Torres Cabrera, Mar\u00eda Bego\u00f1a <a href=\"https:\/\/orcid.org\/0000-0001-5586-5341\" target=\"_blank\" rel=\"noopener\"> <img alt=\"ORCID logo\" src=\"https:\/\/info.orcid.org\/wp-content\/uploads\/2019\/11\/orcid_16x16.png\" width=\"16\" height=\"16\" \/><\/a><\/td><td class=\"column-2\"><a href=\"mailto:begonia@ubu.es\">begonia@ubu.es<\/a><\/td>\n<\/tr>\n<tr class=\"row-5 odd\">\n\t<td class=\"column-1\">Aguilera del Toro, Rodrigo Humberto <a href=\"https:\/\/orcid.org\/0000-0001-6186-0977\" target=\"_blank\" rel=\"noopener\"> <img alt=\"ORCID logo\" src=\"https:\/\/info.orcid.org\/wp-content\/uploads\/2019\/11\/orcid_16x16.png\" width=\"16\" height=\"16\" \/><\/a><\/td><td class=\"column-2\"><a href=\"mailto:aguilera_rodrigo123@hotmail.com\">aguilera_rodrigo123@hotmail.com<\/a><\/td>\n<\/tr>\n<tr class=\"row-6 even\">\n\t<td class=\"column-1\">Lebon, Alexandre <a href=\"https:\/\/orcid.org\/0000-0001-8258-7893\" target=\"_blank\" rel=\"noopener\"> <img alt=\"ORCID logo\" src=\"https:\/\/info.orcid.org\/wp-content\/uploads\/2019\/11\/orcid_16x16.png\" width=\"16\" height=\"16\" \/><\/a><\/td><td class=\"column-2\"><a href=\"mailto:Alexandre.Lebon@univ-brest.fr\">Alexandre.Lebon@univ-brest.fr<\/a><\/td>\n<\/tr>\n<tr class=\"row-7 odd\">\n\t<td class=\"column-1\">\u00c1lvarez Zapatero, Pablo <a href=\"https:\/\/orcid.org\/0000-0001-5501-255X\" target=\"_blank\" rel=\"noopener\"> <img alt=\"ORCID logo\" src=\"https:\/\/info.orcid.org\/wp-content\/uploads\/2019\/11\/orcid_16x16.png\" width=\"16\" height=\"16\" \/><\/a><\/td><td class=\"column-2\"><a href=\"mailto:pabloalvazapa@hotmail.com\">pabloalvazapa@hotmail.com<\/a><\/td>\n<\/tr>\n<\/tbody>\n<\/table>\n<!-- #tablepress-2 from cache -->\n<\/div>\n<\/div><\/div><\/div><\/div><\/div>","protected":false},"excerpt":{"rendered":"<p>MIEMBROS ORDINARIOS &nbsp; &nbsp; MIEMBROS ASOCIADOS<\/p>\n","protected":false},"author":1,"featured_media":0,"parent":0,"menu_order":0,"comment_status":"closed","ping_status":"closed","template":"template-full-width.php","meta":[],"_links":{"self":[{"href":"http:\/\/metodos.fam.cie.uva.es\/gir\/index.php\/wp-json\/wp\/v2\/pages\/59"}],"collection":[{"href":"http:\/\/metodos.fam.cie.uva.es\/gir\/index.php\/wp-json\/wp\/v2\/pages"}],"about":[{"href":"http:\/\/metodos.fam.cie.uva.es\/gir\/index.php\/wp-json\/wp\/v2\/types\/page"}],"author":[{"embeddable":true,"href":"http:\/\/metodos.fam.cie.uva.es\/gir\/index.php\/wp-json\/wp\/v2\/users\/1"}],"replies":[{"embeddable":true,"href":"http:\/\/metodos.fam.cie.uva.es\/gir\/index.php\/wp-json\/wp\/v2\/comments?post=59"}],"version-history":[{"count":7,"href":"http:\/\/metodos.fam.cie.uva.es\/gir\/index.php\/wp-json\/wp\/v2\/pages\/59\/revisions"}],"predecessor-version":[{"id":67,"href":"http:\/\/metodos.fam.cie.uva.es\/gir\/index.php\/wp-json\/wp\/v2\/pages\/59\/revisions\/67"}],"wp:attachment":[{"href":"http:\/\/metodos.fam.cie.uva.es\/gir\/index.php\/wp-json\/wp\/v2\/media?parent=59"}],"curies":[{"name":"wp","href":"https:\/\/api.w.org\/{rel}","templated":true}]}}