{"id":16,"date":"2018-04-18T12:13:50","date_gmt":"2018-04-18T12:13:50","guid":{"rendered":"http:\/\/metodos.fam.cie.uva.es\/paginagir\/?page_id=16"},"modified":"2021-10-19T07:18:20","modified_gmt":"2021-10-19T07:18:20","slug":"inicio","status":"publish","type":"page","link":"http:\/\/metodos.fam.cie.uva.es\/gir\/","title":{"rendered":"INICIO"},"content":{"rendered":"<div id=\"pl-16\"  class=\"panel-layout\" ><div id=\"pg-16-0\"  class=\"panel-grid panel-no-style\" ><div id=\"pgc-16-0-0\"  class=\"panel-grid-cell\" ><div id=\"panel-16-0-0-0\" class=\"so-panel widget widget_sow-editor panel-first-child panel-last-child\" data-index=\"0\" ><div\n\t\t\t\n\t\t\tclass=\"so-widget-sow-editor so-widget-sow-editor-base\"\n\t\t\t\n\t\t>\n<div class=\"siteorigin-widget-tinymce textwidget\">\n\t<h3>Las l\u00edneas de investigaci\u00f3n del grupo son:<\/h3>\n<\/div>\n<\/div><\/div><\/div><\/div><div id=\"pg-16-1\"  class=\"panel-grid panel-no-style\" ><div id=\"pgc-16-1-0\"  class=\"panel-grid-cell\" ><div id=\"panel-16-1-0-0\" class=\"so-panel widget widget_sow-editor panel-first-child panel-last-child\" data-index=\"1\" ><div\n\t\t\t\n\t\t\tclass=\"so-widget-sow-editor so-widget-sow-editor-base\"\n\t\t\t\n\t\t>\n<div class=\"siteorigin-widget-tinymce textwidget\">\n\t<p><img loading=\"lazy\" class=\"size-medium wp-image-21 aligncenter\" src=\"http:\/\/lcb.fam.cie.uva.es\/gir\/wp-content\/uploads\/2018\/04\/mofe-300x188.jpg\" alt=\"\" width=\"300\" height=\"188\" srcset=\"http:\/\/metodos.fam.cie.uva.es\/gir\/wp-content\/uploads\/2018\/04\/mofe-300x188.jpg 300w, http:\/\/metodos.fam.cie.uva.es\/gir\/wp-content\/uploads\/2018\/04\/mofe-768x480.jpg 768w, http:\/\/metodos.fam.cie.uva.es\/gir\/wp-content\/uploads\/2018\/04\/mofe-1024x640.jpg 1024w, http:\/\/metodos.fam.cie.uva.es\/gir\/wp-content\/uploads\/2018\/04\/mofe.jpg 1120w\" sizes=\"(max-width: 300px) 100vw, 300px\" \/><\/p>\n<h4 style=\"text-align: center;\">Magnetismo de clusters, superficies, multicapas, y sistemas complejos de metales de transici\u00f3n.<\/h4>\n<\/div>\n<\/div><\/div><\/div><div id=\"pgc-16-1-1\"  class=\"panel-grid-cell\" ><div id=\"panel-16-1-1-0\" class=\"so-panel widget widget_sow-editor panel-first-child panel-last-child\" data-index=\"2\" ><div\n\t\t\t\n\t\t\tclass=\"so-widget-sow-editor so-widget-sow-editor-base\"\n\t\t\t\n\t\t>\n<div class=\"siteorigin-widget-tinymce textwidget\">\n\t<p><img loading=\"lazy\" class=\"alignnone size-medium wp-image-22 aligncenter\" src=\"http:\/\/lcb.fam.cie.uva.es\/gir\/wp-content\/uploads\/2018\/04\/tower_2-300x228.jpg\" alt=\"\" width=\"300\" height=\"228\" srcset=\"http:\/\/metodos.fam.cie.uva.es\/gir\/wp-content\/uploads\/2018\/04\/tower_2-300x228.jpg 300w, http:\/\/metodos.fam.cie.uva.es\/gir\/wp-content\/uploads\/2018\/04\/tower_2-768x582.jpg 768w, http:\/\/metodos.fam.cie.uva.es\/gir\/wp-content\/uploads\/2018\/04\/tower_2.jpg 778w\" sizes=\"(max-width: 300px) 100vw, 300px\" \/><\/p>\n<h4 style=\"text-align: center;\">Propiedades din\u00e1micas de aleacciones l\u00edquidas y s\u00f3lidas de metales, de \u00f3xidos met\u00e1licos y de minerales terrestres.<\/h4>\n<\/div>\n<\/div><\/div><\/div><div id=\"pgc-16-1-2\"  class=\"panel-grid-cell\" ><div id=\"panel-16-1-2-0\" class=\"so-panel widget widget_sow-editor panel-first-child panel-last-child\" data-index=\"3\" ><div\n\t\t\t\n\t\t\tclass=\"so-widget-sow-editor so-widget-sow-editor-base\"\n\t\t\t\n\t\t>\n<div class=\"siteorigin-widget-tinymce textwidget\">\n\t<p><img loading=\"lazy\" class=\"alignnone size-medium wp-image-23 aligncenter\" src=\"http:\/\/lcb.fam.cie.uva.es\/gir\/wp-content\/uploads\/2018\/04\/ImageForArticle_3079-300x278.jpg\" alt=\"\" width=\"300\" height=\"278\" srcset=\"http:\/\/metodos.fam.cie.uva.es\/gir\/wp-content\/uploads\/2018\/04\/ImageForArticle_3079-300x278.jpg 300w, http:\/\/metodos.fam.cie.uva.es\/gir\/wp-content\/uploads\/2018\/04\/ImageForArticle_3079.jpg 451w\" sizes=\"(max-width: 300px) 100vw, 300px\" \/><\/p>\n<h4 style=\"text-align: center;\">Estructura, Din\u00e1mica y Reactividad de Nanoagregados y Nanoaleaciones met\u00e1licas. Nanopart\u00edculas como catalizadores o agentes anti-corrosivos.<\/h4>\n<\/div>\n<\/div><\/div><\/div><div id=\"pgc-16-1-3\"  class=\"panel-grid-cell\" ><div id=\"panel-16-1-3-0\" class=\"so-panel widget widget_sow-editor panel-first-child panel-last-child\" data-index=\"4\" ><div\n\t\t\t\n\t\t\tclass=\"so-widget-sow-editor so-widget-sow-editor-base\"\n\t\t\t\n\t\t>\n<div class=\"siteorigin-widget-tinymce textwidget\">\n\t<p><img loading=\"lazy\" class=\"alignnone size-medium wp-image-24 aligncenter\" src=\"http:\/\/lcb.fam.cie.uva.es\/gir\/wp-content\/uploads\/2018\/04\/angcar-276x300.jpg\" alt=\"\" width=\"276\" height=\"300\" srcset=\"http:\/\/metodos.fam.cie.uva.es\/gir\/wp-content\/uploads\/2018\/04\/angcar-276x300.jpg 276w, http:\/\/metodos.fam.cie.uva.es\/gir\/wp-content\/uploads\/2018\/04\/angcar-768x835.jpg 768w, http:\/\/metodos.fam.cie.uva.es\/gir\/wp-content\/uploads\/2018\/04\/angcar.jpg 816w\" sizes=\"(max-width: 276px) 100vw, 276px\" \/><\/p>\n<h4 style=\"text-align: center;\">Almacenamiento de hidr\u00f3geno y gas natural en materiales nanoporosos para aplicaciones en veh\u00edculos de hidr\u00f3geno y de gas natural adsorbido.<\/h4>\n<\/div>\n<\/div><\/div><\/div><\/div><div id=\"pg-16-2\"  class=\"panel-grid panel-no-style\" ><div id=\"pgc-16-2-0\"  class=\"panel-grid-cell\" ><div id=\"panel-16-2-0-0\" class=\"so-panel widget widget_sow-editor panel-first-child panel-last-child\" data-index=\"5\" ><div\n\t\t\t\n\t\t\tclass=\"so-widget-sow-editor so-widget-sow-editor-base\"\n\t\t\t\n\t\t>\n<div class=\"siteorigin-widget-tinymce textwidget\">\n\t<h1 style=\"text-align: center;\"><strong>\u00daLTIMAS NOVEDADES<\/strong><\/h1>\n<\/div>\n<\/div><\/div><\/div><\/div><div id=\"pg-16-3\"  class=\"panel-grid panel-no-style\" ><div id=\"pgc-16-3-0\"  class=\"panel-grid-cell\" ><div id=\"panel-16-3-0-0\" class=\"so-panel widget widget_sow-editor panel-first-child panel-last-child\" data-index=\"6\" ><div\n\t\t\t\n\t\t\tclass=\"so-widget-sow-editor so-widget-sow-editor-base\"\n\t\t\t\n\t\t>\n<div class=\"siteorigin-widget-tinymce textwidget\">\n\t<p style=\"text-align: center;\">\u00a0\u00a0<img loading=\"lazy\" class=\"alignnone size-medium wp-image-41\" src=\"http:\/\/metodos.fam.cie.uva.es\/paginagir\/wp-content\/uploads\/2018\/04\/PREENTACION_2018_cambios_web_3-300x225.jpg\" alt=\"\" width=\"300\" height=\"225\" srcset=\"http:\/\/metodos.fam.cie.uva.es\/gir\/wp-content\/uploads\/2018\/04\/PREENTACION_2018_cambios_web_3-300x225.jpg 300w, http:\/\/metodos.fam.cie.uva.es\/gir\/wp-content\/uploads\/2018\/04\/PREENTACION_2018_cambios_web_3-768x576.jpg 768w, http:\/\/metodos.fam.cie.uva.es\/gir\/wp-content\/uploads\/2018\/04\/PREENTACION_2018_cambios_web_3.jpg 960w\" sizes=\"(max-width: 300px) 100vw, 300px\" \/><\/p>\n<\/div>\n<\/div><\/div><\/div><div id=\"pgc-16-3-1\"  class=\"panel-grid-cell\" ><div id=\"panel-16-3-1-0\" class=\"so-panel widget widget_sow-editor panel-first-child panel-last-child\" data-index=\"7\" ><div\n\t\t\t\n\t\t\tclass=\"so-widget-sow-editor so-widget-sow-editor-base\"\n\t\t\t\n\t\t>\n<div class=\"siteorigin-widget-tinymce textwidget\">\n\t<p><img loading=\"lazy\" class=\"alignnone size-medium wp-image-39 aligncenter\" src=\"http:\/\/metodos.fam.cie.uva.es\/paginagir\/wp-content\/uploads\/2018\/04\/PREENTACION_2018_cambios_web_1-300x225.jpg\" alt=\"\" width=\"300\" height=\"225\" srcset=\"http:\/\/metodos.fam.cie.uva.es\/gir\/wp-content\/uploads\/2018\/04\/PREENTACION_2018_cambios_web_1-300x225.jpg 300w, http:\/\/metodos.fam.cie.uva.es\/gir\/wp-content\/uploads\/2018\/04\/PREENTACION_2018_cambios_web_1-768x576.jpg 768w, http:\/\/metodos.fam.cie.uva.es\/gir\/wp-content\/uploads\/2018\/04\/PREENTACION_2018_cambios_web_1.jpg 960w\" sizes=\"(max-width: 300px) 100vw, 300px\" \/><\/p>\n<\/div>\n<\/div><\/div><\/div><div id=\"pgc-16-3-2\"  class=\"panel-grid-cell\" ><div id=\"panel-16-3-2-0\" class=\"so-panel widget widget_sow-editor panel-first-child panel-last-child\" data-index=\"8\" ><div\n\t\t\t\n\t\t\tclass=\"so-widget-sow-editor so-widget-sow-editor-base\"\n\t\t\t\n\t\t>\n<div class=\"siteorigin-widget-tinymce textwidget\">\n\t<p><img loading=\"lazy\" class=\"alignnone size-medium wp-image-40 aligncenter\" src=\"http:\/\/metodos.fam.cie.uva.es\/paginagir\/wp-content\/uploads\/2018\/04\/PREENTACION_2018_cambios_web_2-300x225.jpg\" alt=\"\" width=\"300\" height=\"225\" srcset=\"http:\/\/metodos.fam.cie.uva.es\/gir\/wp-content\/uploads\/2018\/04\/PREENTACION_2018_cambios_web_2-300x225.jpg 300w, http:\/\/metodos.fam.cie.uva.es\/gir\/wp-content\/uploads\/2018\/04\/PREENTACION_2018_cambios_web_2-768x576.jpg 768w, http:\/\/metodos.fam.cie.uva.es\/gir\/wp-content\/uploads\/2018\/04\/PREENTACION_2018_cambios_web_2.jpg 960w\" sizes=\"(max-width: 300px) 100vw, 300px\" \/><\/p>\n<\/div>\n<\/div><\/div><\/div><\/div><\/div>","protected":false},"excerpt":{"rendered":"<p>Las l\u00edneas de investigaci\u00f3n del grupo son: Magnetismo de clusters, superficies, multicapas, y sistemas complejos de metales de transici\u00f3n. Propiedades din\u00e1micas de aleacciones l\u00edquidas y s\u00f3lidas de metales, de \u00f3xidos met\u00e1licos y de minerales terrestres. Estructura, Din\u00e1mica y Reactividad de Nanoagregados y Nanoaleaciones met\u00e1licas. Nanopart\u00edculas como catalizadores o agentes anti-corrosivos. Almacenamiento de hidr\u00f3geno y gas <a class=\"read-more\" href=\"http:\/\/metodos.fam.cie.uva.es\/gir\/\">Read More<\/a><\/p>\n","protected":false},"author":1,"featured_media":0,"parent":0,"menu_order":0,"comment_status":"closed","ping_status":"closed","template":"template-full-width.php","meta":[],"_links":{"self":[{"href":"http:\/\/metodos.fam.cie.uva.es\/gir\/index.php\/wp-json\/wp\/v2\/pages\/16"}],"collection":[{"href":"http:\/\/metodos.fam.cie.uva.es\/gir\/index.php\/wp-json\/wp\/v2\/pages"}],"about":[{"href":"http:\/\/metodos.fam.cie.uva.es\/gir\/index.php\/wp-json\/wp\/v2\/types\/page"}],"author":[{"embeddable":true,"href":"http:\/\/metodos.fam.cie.uva.es\/gir\/index.php\/wp-json\/wp\/v2\/users\/1"}],"replies":[{"embeddable":true,"href":"http:\/\/metodos.fam.cie.uva.es\/gir\/index.php\/wp-json\/wp\/v2\/comments?post=16"}],"version-history":[{"count":22,"href":"http:\/\/metodos.fam.cie.uva.es\/gir\/index.php\/wp-json\/wp\/v2\/pages\/16\/revisions"}],"predecessor-version":[{"id":457,"href":"http:\/\/metodos.fam.cie.uva.es\/gir\/index.php\/wp-json\/wp\/v2\/pages\/16\/revisions\/457"}],"wp:attachment":[{"href":"http:\/\/metodos.fam.cie.uva.es\/gir\/index.php\/wp-json\/wp\/v2\/media?parent=16"}],"curies":[{"name":"wp","href":"https:\/\/api.w.org\/{rel}","templated":true}]}}