{"id":153,"date":"2018-04-20T07:11:57","date_gmt":"2018-04-20T07:11:57","guid":{"rendered":"http:\/\/metodos.fam.cie.uva.es\/paginagir\/?page_id=153"},"modified":"2022-08-04T19:18:14","modified_gmt":"2022-08-04T19:18:14","slug":"equipos-y-material-de-investigacion","status":"publish","type":"page","link":"http:\/\/metodos.fam.cie.uva.es\/gir\/index.php\/mas-cosas\/equipos-y-material-de-investigacion\/","title":{"rendered":"EQUIPOS Y MATERIAL DE INVESTIGACI\u00d3N"},"content":{"rendered":"<div id=\"pl-153\"  class=\"panel-layout\" ><div id=\"pg-153-0\"  class=\"panel-grid panel-no-style\" ><div id=\"pgc-153-0-0\"  class=\"panel-grid-cell\" ><div id=\"panel-153-0-0-0\" class=\"so-panel widget widget_sow-editor panel-first-child panel-last-child\" data-index=\"0\" ><div\n\t\t\t\n\t\t\tclass=\"so-widget-sow-editor so-widget-sow-editor-base\"\n\t\t\t\n\t\t>\n<div class=\"siteorigin-widget-tinymce textwidget\">\n\t<ul>\n<li style=\"list-style-type: none;\">\n<ul style=\"list-style-type: square;\">\n<li>\n<h4>El grupo dispone de un laboratorio de computaci\u00f3n denominado CICLON (Computer Intensive Calculation Laboratoy of Nanosystems), compuesto de varios clusters de ordenadores:<\/h4>\n<\/li>\n<\/ul>\n<\/li>\n<\/ul>\n<ul>\n<li style=\"list-style-type: none;\">\n<ul style=\"list-style-type: square;\">\n<li style=\"list-style-type: none;\">\n<ul style=\"list-style-type: circle;\">\n<li>\n<h4>Cluster de <strong>31 PC's \"Intel Core Quad\"<\/strong> con tarjeta de comunicaciones Ethernet<\/h4>\n<\/li>\n<li>\n<h4>Cluster de <strong>34 PC's \"Intel Core Quad\"<\/strong> con tarjeta de comunicaciones Ethernet<\/h4>\n<\/li>\n<li>\n<h4>Cluster de <strong>42 PC's \"Intel Core Quad\"<\/strong> con tarjeta de comunicaciones Ethernet<\/h4>\n<\/li>\n<li>\n<h4>Cluster de <strong>8 PC's \"Intel i7-3770\"<\/strong> con tarjeta de comunicaciones Infiniband-SDR<\/h4>\n<\/li>\n<li>\n<h4>Cluster de <strong>29 PC's \"Intel i7-3770\"<\/strong> con tarjeta de comunicaciones Ethernet<\/h4>\n<\/li>\n<li>\n<h4>Cluster de <strong>10 PC's \"Intel i7-5820K\"<\/strong> con tarjeta de comunicaciones Ethernet<\/h4>\n<\/li>\n<\/ul>\n<\/li>\n<li>\n<h4>Tambien tenemos un servidor alojado en el CPD del Parque Cient\u00edfico de la Universidad de Valladolid<\/h4>\n<ul style=\"list-style-type: circle;\">\n<li>\n<h4>Servidor <strong>HP ProLiant DL380 Gen 10<\/strong> con <strong>dos procesadores Intel Xeon Gold 6248R<\/strong> (96 hilos de computaci\u00f3n)<\/h4>\n<\/li>\n<\/ul>\n<\/li>\n<li>\n<h4 style=\"text-align: justify;\">Disponemos de varios programas de ordenador que permiten el c\u00e1lculo, a nivel mec\u00e1nico-cu\u00e1ntico, de la estructura geom\u00e9trica, la estructura electr\u00f3nica, la energ\u00eda de enlace, propiedades \u00f3pticas, magn\u00e9ticas, t\u00e9rmicas, etc, de sistemas nanom\u00e9tricos, tanto en estado s\u00f3lido como l\u00edquido, y formados por varios tipos de materiales, tanto puros como en aleaciones.<\/h4>\n<ul style=\"list-style-type: circle;\">\n<li>\n<h4><strong>OFMDP<\/strong> (Orbital Free Molecular Dynamic Program) (propio)<\/h4>\n<\/li>\n<li>\n<h4><strong>SIESTA<\/strong> (Spanish Initiative for Electronic Simulations with Thousands of Atoms)<\/h4>\n<\/li>\n<li>\n<h4><strong>VASP<\/strong> (Vienna Ab initio Simulation Package)<\/h4>\n<\/li>\n<li>\n<h4><strong>QUANTUM-ESPESSO<\/strong> (opEn-Source Package for Research in Electronic Structure, Simulation, and Optimization)<\/h4>\n<\/li>\n<li>\n<h4><strong>PARSEC<\/strong> (Pseudopotential Algorithm for Real Space Electronic-structure Calculations)<\/h4>\n<\/li>\n<li>\n<h4>etc.<\/h4>\n<\/li>\n<\/ul>\n<\/li>\n<\/ul>\n<\/li>\n<\/ul>\n<\/div>\n<\/div><\/div><\/div><\/div><\/div>","protected":false},"excerpt":{"rendered":"<p>El grupo dispone de un laboratorio de computaci\u00f3n denominado CICLON (Computer Intensive Calculation Laboratoy of Nanosystems), compuesto de varios clusters de ordenadores: Cluster de 31 PC&#8217;s \u00abIntel Core Quad\u00bb con tarjeta de comunicaciones Ethernet Cluster de 34 PC&#8217;s \u00abIntel Core Quad\u00bb con tarjeta de comunicaciones Ethernet Cluster de 42 PC&#8217;s \u00abIntel Core Quad\u00bb con tarjeta <a class=\"read-more\" href=\"http:\/\/metodos.fam.cie.uva.es\/gir\/index.php\/mas-cosas\/equipos-y-material-de-investigacion\/\">Read More<\/a><\/p>\n","protected":false},"author":1,"featured_media":0,"parent":142,"menu_order":0,"comment_status":"closed","ping_status":"closed","template":"template-full-width.php","meta":[],"_links":{"self":[{"href":"http:\/\/metodos.fam.cie.uva.es\/gir\/index.php\/wp-json\/wp\/v2\/pages\/153"}],"collection":[{"href":"http:\/\/metodos.fam.cie.uva.es\/gir\/index.php\/wp-json\/wp\/v2\/pages"}],"about":[{"href":"http:\/\/metodos.fam.cie.uva.es\/gir\/index.php\/wp-json\/wp\/v2\/types\/page"}],"author":[{"embeddable":true,"href":"http:\/\/metodos.fam.cie.uva.es\/gir\/index.php\/wp-json\/wp\/v2\/users\/1"}],"replies":[{"embeddable":true,"href":"http:\/\/metodos.fam.cie.uva.es\/gir\/index.php\/wp-json\/wp\/v2\/comments?post=153"}],"version-history":[{"count":35,"href":"http:\/\/metodos.fam.cie.uva.es\/gir\/index.php\/wp-json\/wp\/v2\/pages\/153\/revisions"}],"predecessor-version":[{"id":477,"href":"http:\/\/metodos.fam.cie.uva.es\/gir\/index.php\/wp-json\/wp\/v2\/pages\/153\/revisions\/477"}],"up":[{"embeddable":true,"href":"http:\/\/metodos.fam.cie.uva.es\/gir\/index.php\/wp-json\/wp\/v2\/pages\/142"}],"wp:attachment":[{"href":"http:\/\/metodos.fam.cie.uva.es\/gir\/index.php\/wp-json\/wp\/v2\/media?parent=153"}],"curies":[{"name":"wp","href":"https:\/\/api.w.org\/{rel}","templated":true}]}}