{"id":150,"date":"2018-04-20T07:11:14","date_gmt":"2018-04-20T07:11:14","guid":{"rendered":"http:\/\/metodos.fam.cie.uva.es\/paginagir\/?page_id=150"},"modified":"2021-01-08T07:41:43","modified_gmt":"2021-01-08T07:41:43","slug":"colaboraciones","status":"publish","type":"page","link":"http:\/\/metodos.fam.cie.uva.es\/gir\/index.php\/mas-cosas\/colaboraciones\/","title":{"rendered":"COLABORACIONES"},"content":{"rendered":"<div id=\"pl-150\"  class=\"panel-layout\" ><div id=\"pg-150-0\"  class=\"panel-grid panel-no-style\" ><div id=\"pgc-150-0-0\"  class=\"panel-grid-cell\" ><div id=\"panel-150-0-0-0\" class=\"so-panel widget widget_sow-editor panel-first-child panel-last-child\" data-index=\"0\" ><div\n\t\t\t\n\t\t\tclass=\"so-widget-sow-editor so-widget-sow-editor-base\"\n\t\t\t\n\t\t>\n<div class=\"siteorigin-widget-tinymce textwidget\">\n\t<h3>Nombres e instituciones de algunos de los colaboradores<\/h3>\n<ul>\n<li>\n<h4><strong>Dr. Faustino Aguilera Granja<\/strong>, Instituto de F\u00edsica, San Luis Potos\u00ed (Mexico)<\/h4>\n<\/li>\n<li>\n<h4><strong>Dr. Pedro Gilberto Alvarado Leyva<\/strong>, Universidad de San Luis Potos\u00ed<\/h4>\n<\/li>\n<li>\n<h4><strong>Dr. Jaime Ferrer Rodr\u00edguez<\/strong>, Universidad de Oviedo<\/h4>\n<\/li>\n<li>\n<h4><strong>Dr. Valery Uzdin<\/strong>, Universidad de San Peterburgo (Rusia)<\/h4>\n<\/li>\n<li>\n<h4><strong>Dr. Bruno Rouvellou<\/strong>, Universit\u00e9 de Bretagne Occidentale en Brest (Francia)<\/h4>\n<\/li>\n<li>\n<h4><strong>Dr. Said Bouarab<\/strong>, Universit\u00e9 de Tizi-Ouzou (Argelia)<\/h4>\n<\/li>\n<li>\n<h4><strong>Dra. Eva Mar\u00eda Fern\u00e1ndez S\u00e1nchez<\/strong>, Universidad Nacional de Educaci\u00f3n a Distancia<\/h4>\n<\/li>\n<li>\n<h4><strong>Dr M. M. G. Alemany<\/strong>, Universidad de Santiago de Compostela<\/h4>\n<\/li>\n<li>\n<h4><strong>Dr. Malcolm J. Stott<\/strong>, Queen's University, Kingston (Canada)<\/h4>\n<\/li>\n<li>\n<h4><strong>Dr Lazaro Calderin<\/strong>, University of Arizona (USA)<\/h4>\n<\/li>\n<li>\n<h4><strong>Dr. Golam M. Bhuiyan<\/strong>, University of Dhaka (Bangladesh)<\/h4>\n<\/li>\n<li>\n<h4><strong>Dr. Emily A. Carter<\/strong>, Princeton University (USA)<\/h4>\n<\/li>\n<li>\n<h4><strong>Bernd\u00a0von\u00a0Issendorff<\/strong>,\u00a0University\u00a0of\u00a0Freiburg\u00a0(Germany)<\/h4>\n<\/li>\n<li>\n<h4><strong>Luis Felipe Mazadiego<\/strong>, Universidad Polit\u00e9cnica de Madrid<\/h4>\n<\/li>\n<li>\n<h4><strong>Fabian Su\u00e1rez-Garc\u00eda<\/strong>, CSIC<\/h4>\n<\/li>\n<\/ul>\n<\/div>\n<\/div><\/div><\/div><\/div><\/div>","protected":false},"excerpt":{"rendered":"<p>Nombres e instituciones de algunos de los colaboradores Dr. Faustino Aguilera Granja, Instituto de F\u00edsica, San Luis Potos\u00ed (Mexico) Dr. Pedro Gilberto Alvarado Leyva, Universidad de San Luis Potos\u00ed Dr. Jaime Ferrer Rodr\u00edguez, Universidad de Oviedo Dr. Valery Uzdin, Universidad de San Peterburgo (Rusia) Dr. Bruno Rouvellou, Universit\u00e9 de Bretagne Occidentale en Brest (Francia) Dr. <a class=\"read-more\" href=\"http:\/\/metodos.fam.cie.uva.es\/gir\/index.php\/mas-cosas\/colaboraciones\/\">Read More<\/a><\/p>\n","protected":false},"author":1,"featured_media":0,"parent":142,"menu_order":0,"comment_status":"closed","ping_status":"closed","template":"template-full-width.php","meta":[],"_links":{"self":[{"href":"http:\/\/metodos.fam.cie.uva.es\/gir\/index.php\/wp-json\/wp\/v2\/pages\/150"}],"collection":[{"href":"http:\/\/metodos.fam.cie.uva.es\/gir\/index.php\/wp-json\/wp\/v2\/pages"}],"about":[{"href":"http:\/\/metodos.fam.cie.uva.es\/gir\/index.php\/wp-json\/wp\/v2\/types\/page"}],"author":[{"embeddable":true,"href":"http:\/\/metodos.fam.cie.uva.es\/gir\/index.php\/wp-json\/wp\/v2\/users\/1"}],"replies":[{"embeddable":true,"href":"http:\/\/metodos.fam.cie.uva.es\/gir\/index.php\/wp-json\/wp\/v2\/comments?post=150"}],"version-history":[{"count":17,"href":"http:\/\/metodos.fam.cie.uva.es\/gir\/index.php\/wp-json\/wp\/v2\/pages\/150\/revisions"}],"predecessor-version":[{"id":353,"href":"http:\/\/metodos.fam.cie.uva.es\/gir\/index.php\/wp-json\/wp\/v2\/pages\/150\/revisions\/353"}],"up":[{"embeddable":true,"href":"http:\/\/metodos.fam.cie.uva.es\/gir\/index.php\/wp-json\/wp\/v2\/pages\/142"}],"wp:attachment":[{"href":"http:\/\/metodos.fam.cie.uva.es\/gir\/index.php\/wp-json\/wp\/v2\/media?parent=150"}],"curies":[{"name":"wp","href":"https:\/\/api.w.org\/{rel}","templated":true}]}}