{"id":144,"date":"2018-04-20T07:09:30","date_gmt":"2018-04-20T07:09:30","guid":{"rendered":"http:\/\/metodos.fam.cie.uva.es\/paginagir\/?page_id=144"},"modified":"2021-01-12T18:45:23","modified_gmt":"2021-01-12T18:45:23","slug":"tesis","status":"publish","type":"page","link":"http:\/\/metodos.fam.cie.uva.es\/gir\/index.php\/mas-cosas\/tesis\/","title":{"rendered":"TESIS"},"content":{"rendered":"<div id=\"pl-144\"  class=\"panel-layout\" ><div id=\"pg-144-0\"  class=\"panel-grid panel-no-style\" ><div id=\"pgc-144-0-0\"  class=\"panel-grid-cell\" ><div id=\"panel-144-0-0-0\" class=\"so-panel widget widget_sow-editor panel-first-child panel-last-child\" data-index=\"0\" ><div\n\t\t\t\n\t\t\tclass=\"so-widget-sow-editor so-widget-sow-editor-base\"\n\t\t\t\n\t\t>\n<div class=\"siteorigin-widget-tinymce textwidget\">\n\t<ul>\n<li>\n<h4>Pablo \u00c1lvarez Zapatero.<br \/>\n<em><strong>Simulaci\u00f3n Computacional de Nano-Agregados y Nano-Aleaciones Met\u00e1licos con Aplicaciones en Corrosi\u00f3n, Cat\u00e1lisis y Almacenamiento de Hidr\u00f3geno.<\/strong><\/em><br \/>\nDirector: Andr\u00e9s Vega Hierro. Codirector: Andr\u00e9s Aguado Rodr\u00edguez.<br \/>\nEn desarrollo (fecha de presentaci\u00f3n estimada: 2021)<\/h4>\n<\/li>\n<\/ul>\n<ul>\n<li>\n<h4>Rodrigo Humberto Aguilera del Toro.<br \/>\n<em><strong>Structural and electronic properties of transition metal oxide clusters and their applications. <\/strong><\/em><br \/>\nDirector: Andr\u00e9s Vega Hierro.<br \/>\nFecha de lectura: 25-Septiembre-2019. Calificaci\u00f3n: SOBRESALIENTE CUM LAUDE. <em>Tesis internacional. <\/em><br \/>\nAl terminar: Postdoc en la Universidad de Valladolid<br \/>\nDOI:\u00a0<a href=\"https:\/\/doi.org\/10.35376\/10324\/39391\">10.35376\/10324\/39391<\/a><\/h4>\n<\/li>\n<li>\n<h4>Beatriz Gonz\u00e1lez del R\u00edo.<br \/>\n<em><strong>Dynamic properties of liquid metals and their free surface with first principles molecular dynamics. <\/strong><\/em><br \/>\nDirector: Luis Enrique Gonz\u00e1lez Tesedo.<br \/>\nFecha de lectura: 1-Julio-2017. Calificaci\u00f3n: SOBRESALIENTE CUM LAUDE. <em>Tesis internacional. <\/em><br \/>\nAl terminar: Postdoc en la Universidad de Princeton, USA (Prof. Emily A. Carter)<br \/>\nDOI:\u00a0<a href=\"https:\/\/doi.org\/10.35376\/10324\/25763\">10.35376\/10324\/25763<\/a><\/h4>\n<\/li>\n<li>\n<h4>Amador Garc\u00eda Fuente.<br \/>\n<i><strong>Propiedades estructurales, electr\u00f3nicas y de transporte de nanoestructuras de baja dimensionalidad.<\/strong>\u00a0<\/i><br \/>\nDirector: Andr\u00e9s Vega Hierro.<br \/>\nFecha de lectura: 13-Noviembre-2012. Calificacion: APTO CUM LAUDE. <i>Tesis internacional.\u00a0<\/i><br \/>\n<em>Premio extraordinario de doctorado.<\/em><br \/>\nAl terminar: Postdoc en la Universidad de Fribourg, Suiza (Prof. Claude Dalu)<br \/>\nDOI:\u00a0<a href=\"https:\/\/doi.org\/10.35376\/10324\/2621\">10.35376\/10324\/2621<\/a><\/h4>\n<\/li>\n<\/ul>\n<ul>\n<li>\n<h4>Sara N\u00fa\u00f1ez Gonz\u00e1lez.<br \/>\n<i><strong>Thermal and Structural Properties of Nanoclusters and Nanoalloys.<\/strong><\/i><br \/>\nDirector: Jos\u00e9 Manuel L\u00f3pez Rodr\u00edguez. Codirector: Andr\u00e9s Aguado Rodr\u00edguez.<br \/>\nFecha de lectura: 21-Mayo-2010. Calificacion: APTO CUM LAUDE. <i>Tesis internacional.\u00a0<\/i><br \/>\nAl terminar: Contrato en el Institut of Safety and Reliability (ISaR) en Munich, Alemania<\/h4>\n<\/li>\n<\/ul>\n<ul>\n<li>\n<h4>Eduardo Mart\u00ednez Moreno.<br \/>\n<i><strong>Magnetismo en nanoestructuras de metales de transici\u00f3n.<\/strong><\/i><br \/>\nDirector: Andr\u00e9s Vega Hierro.<br \/>\nFecha de lectura: 22 Diciembre 2006. Calificaci\u00f3n: SOBRESALIENTE CUM LAUDE.<br \/>\nAl terminar: Postdoc en la Universidad de Osnabruck, Alemania (Prof. Gunnar Borstel)<\/h4>\n<\/li>\n<\/ul>\n<ul>\n<li>\n<h4>Eva Mar\u00eda Fern\u00e1ndez S\u00e1nchez (Becario F.P.U. del M.E.C.)<br \/>\n<i><strong>Reactividad frente O2 y CO de agregados nanom\u00e9tricos de oro libres y soportados sobre \u00e1lumina.<\/strong><\/i> <em><strong>Estudio a partir de primeros principios.<\/strong><\/em><br \/>\nDirector: Luis Carlos Balb\u00e1s Ruesgas.<br \/>\nFecha de lectura: 19 de diciembre 2005. Calificaci\u00f3n: SOBRESALIENTE CUM LAUDE.<br \/>\n<em>Premio Nacional de Investigadores J\u00f3venes de la Real Sociedad Espa\u00f1ola de F\u00edsica 2007.<\/em><br \/>\nAl terminar: Postdoc en Tecnical University Denmark (Lynbby) (Prof. J. K. Norskov)<\/h4>\n<\/li>\n<\/ul>\n<ul>\n<li>\n<h4>Roberto Robles Rodr\u00edguez (becario F.P.U. del N.E.M.)<br \/>\n<i><strong>Nanoestructuras de metales de transici\u00f3n: estructura electr\u00f3nica y propiedades magn\u00e9ticas.<\/strong>\u00a0<\/i><br \/>\nDirector: Andr\u00e9s Vega Hierro.<br \/>\nFecha lectura: 19 de diciembre 2003. Calificaci\u00f3n: SOBRESALIENTE CUM LAUDE.<br \/>\n<em>Premio Nacional de Investigadores J\u00f3venes de la Real Sociedad Espa\u00f1ola de F\u00edsica 2005.<\/em><br \/>\nAl terminar: Postdoc en la Universidad de Uppsala, Suecia (Prof. Lars Nordstrom)<\/h4>\n<\/li>\n<\/ul>\n<\/div>\n<\/div><\/div><\/div><\/div><\/div>","protected":false},"excerpt":{"rendered":"<p>Pablo \u00c1lvarez Zapatero. Simulaci\u00f3n Computacional de Nano-Agregados y Nano-Aleaciones Met\u00e1licos con Aplicaciones en Corrosi\u00f3n, Cat\u00e1lisis y Almacenamiento de Hidr\u00f3geno. Director: Andr\u00e9s Vega Hierro. Codirector: Andr\u00e9s Aguado Rodr\u00edguez. En desarrollo (fecha de presentaci\u00f3n estimada: 2021) Rodrigo Humberto Aguilera del Toro. Structural and electronic properties of transition metal oxide clusters and their applications. Director: Andr\u00e9s Vega Hierro. <a class=\"read-more\" href=\"http:\/\/metodos.fam.cie.uva.es\/gir\/index.php\/mas-cosas\/tesis\/\">Read More<\/a><\/p>\n","protected":false},"author":1,"featured_media":0,"parent":142,"menu_order":0,"comment_status":"closed","ping_status":"closed","template":"template-full-width.php","meta":[],"_links":{"self":[{"href":"http:\/\/metodos.fam.cie.uva.es\/gir\/index.php\/wp-json\/wp\/v2\/pages\/144"}],"collection":[{"href":"http:\/\/metodos.fam.cie.uva.es\/gir\/index.php\/wp-json\/wp\/v2\/pages"}],"about":[{"href":"http:\/\/metodos.fam.cie.uva.es\/gir\/index.php\/wp-json\/wp\/v2\/types\/page"}],"author":[{"embeddable":true,"href":"http:\/\/metodos.fam.cie.uva.es\/gir\/index.php\/wp-json\/wp\/v2\/users\/1"}],"replies":[{"embeddable":true,"href":"http:\/\/metodos.fam.cie.uva.es\/gir\/index.php\/wp-json\/wp\/v2\/comments?post=144"}],"version-history":[{"count":27,"href":"http:\/\/metodos.fam.cie.uva.es\/gir\/index.php\/wp-json\/wp\/v2\/pages\/144\/revisions"}],"predecessor-version":[{"id":403,"href":"http:\/\/metodos.fam.cie.uva.es\/gir\/index.php\/wp-json\/wp\/v2\/pages\/144\/revisions\/403"}],"up":[{"embeddable":true,"href":"http:\/\/metodos.fam.cie.uva.es\/gir\/index.php\/wp-json\/wp\/v2\/pages\/142"}],"wp:attachment":[{"href":"http:\/\/metodos.fam.cie.uva.es\/gir\/index.php\/wp-json\/wp\/v2\/media?parent=144"}],"curies":[{"name":"wp","href":"https:\/\/api.w.org\/{rel}","templated":true}]}}